{"id":1229,"date":"2024-05-29T11:34:47","date_gmt":"2024-05-29T09:34:47","guid":{"rendered":"https:\/\/sinter-design.com\/?page_id=1229"},"modified":"2024-06-05T07:53:08","modified_gmt":"2024-06-05T05:53:08","slug":"blog","status":"publish","type":"page","link":"https:\/\/sinter-design.com\/en\/blog\/","title":{"rendered":"Blog"},"content":{"rendered":"<div data-elementor-type=\"wp-page\" data-elementor-id=\"1229\" class=\"elementor elementor-1229\" data-elementor-post-type=\"page\">\n\t\t\t\t<div class=\"elementor-element elementor-element-34ac0cc e-flex e-con-boxed elementor-invisible e-con e-parent\" data-id=\"34ac0cc\" data-element_type=\"container\" data-settings=\"{&quot;background_background&quot;:&quot;classic&quot;,&quot;animation&quot;:&quot;fadeIn&quot;}\">\n\t\t\t\t\t<div class=\"e-con-inner\">\n\t\t<div class=\"elementor-element elementor-element-13a9ef4 e-con-full e-flex e-con e-child\" data-id=\"13a9ef4\" data-element_type=\"container\">\n\t\t\t\t<div class=\"elementor-element elementor-element-734566a elementor-widget elementor-widget-heading\" data-id=\"734566a\" data-element_type=\"widget\" data-widget_type=\"heading.default\">\n\t\t\t\t<div class=\"elementor-widget-container\">\n\t\t\t<style>\/*! elementor - v3.21.0 - 26-05-2024 *\/\n.elementor-heading-title{padding:0;margin:0;line-height:1}.elementor-widget-heading .elementor-heading-title[class*=elementor-size-]>a{color:inherit;font-size:inherit;line-height:inherit}.elementor-widget-heading .elementor-heading-title.elementor-size-small{font-size:15px}.elementor-widget-heading .elementor-heading-title.elementor-size-medium{font-size:19px}.elementor-widget-heading .elementor-heading-title.elementor-size-large{font-size:29px}.elementor-widget-heading .elementor-heading-title.elementor-size-xl{font-size:39px}.elementor-widget-heading .elementor-heading-title.elementor-size-xxl{font-size:59px}<\/style><h1 class=\"elementor-heading-title elementor-size-default\">Aktualno\u015bci<\/h1>\t\t<\/div>\n\t\t\t\t<\/div>\n\t\t\t\t<div class=\"elementor-element elementor-element-521a146 elementor-widget-divider--view-line elementor-widget elementor-widget-divider\" data-id=\"521a146\" data-element_type=\"widget\" data-widget_type=\"divider.default\">\n\t\t\t\t<div class=\"elementor-widget-container\">\n\t\t\t<style>\/*! elementor - v3.21.0 - 26-05-2024 *\/\n.elementor-widget-divider{--divider-border-style:none;--divider-border-width:1px;--divider-color:#0c0d0e;--divider-icon-size:20px;--divider-element-spacing:10px;--divider-pattern-height:24px;--divider-pattern-size:20px;--divider-pattern-url:none;--divider-pattern-repeat:repeat-x}.elementor-widget-divider .elementor-divider{display:flex}.elementor-widget-divider .elementor-divider__text{font-size:15px;line-height:1;max-width:95%}.elementor-widget-divider .elementor-divider__element{margin:0 var(--divider-element-spacing);flex-shrink:0}.elementor-widget-divider .elementor-icon{font-size:var(--divider-icon-size)}.elementor-widget-divider .elementor-divider-separator{display:flex;margin:0;direction:ltr}.elementor-widget-divider--view-line_icon .elementor-divider-separator,.elementor-widget-divider--view-line_text .elementor-divider-separator{align-items:center}.elementor-widget-divider--view-line_icon .elementor-divider-separator:after,.elementor-widget-divider--view-line_icon .elementor-divider-separator:before,.elementor-widget-divider--view-line_text .elementor-divider-separator:after,.elementor-widget-divider--view-line_text .elementor-divider-separator:before{display:block;content:\"\";border-block-end:0;flex-grow:1;border-block-start:var(--divider-border-width) var(--divider-border-style) var(--divider-color)}.elementor-widget-divider--element-align-left .elementor-divider .elementor-divider-separator>.elementor-divider__svg:first-of-type{flex-grow:0;flex-shrink:100}.elementor-widget-divider--element-align-left .elementor-divider-separator:before{content:none}.elementor-widget-divider--element-align-left .elementor-divider__element{margin-left:0}.elementor-widget-divider--element-align-right .elementor-divider .elementor-divider-separator>.elementor-divider__svg:last-of-type{flex-grow:0;flex-shrink:100}.elementor-widget-divider--element-align-right .elementor-divider-separator:after{content:none}.elementor-widget-divider--element-align-right .elementor-divider__element{margin-right:0}.elementor-widget-divider--element-align-start .elementor-divider .elementor-divider-separator>.elementor-divider__svg:first-of-type{flex-grow:0;flex-shrink:100}.elementor-widget-divider--element-align-start .elementor-divider-separator:before{content:none}.elementor-widget-divider--element-align-start .elementor-divider__element{margin-inline-start:0}.elementor-widget-divider--element-align-end .elementor-divider .elementor-divider-separator>.elementor-divider__svg:last-of-type{flex-grow:0;flex-shrink:100}.elementor-widget-divider--element-align-end .elementor-divider-separator:after{content:none}.elementor-widget-divider--element-align-end .elementor-divider__element{margin-inline-end:0}.elementor-widget-divider:not(.elementor-widget-divider--view-line_text):not(.elementor-widget-divider--view-line_icon) .elementor-divider-separator{border-block-start:var(--divider-border-width) var(--divider-border-style) var(--divider-color)}.elementor-widget-divider--separator-type-pattern{--divider-border-style:none}.elementor-widget-divider--separator-type-pattern.elementor-widget-divider--view-line .elementor-divider-separator,.elementor-widget-divider--separator-type-pattern:not(.elementor-widget-divider--view-line) .elementor-divider-separator:after,.elementor-widget-divider--separator-type-pattern:not(.elementor-widget-divider--view-line) .elementor-divider-separator:before,.elementor-widget-divider--separator-type-pattern:not([class*=elementor-widget-divider--view]) .elementor-divider-separator{width:100%;min-height:var(--divider-pattern-height);-webkit-mask-size:var(--divider-pattern-size) 100%;mask-size:var(--divider-pattern-size) 100%;-webkit-mask-repeat:var(--divider-pattern-repeat);mask-repeat:var(--divider-pattern-repeat);background-color:var(--divider-color);-webkit-mask-image:var(--divider-pattern-url);mask-image:var(--divider-pattern-url)}.elementor-widget-divider--no-spacing{--divider-pattern-size:auto}.elementor-widget-divider--bg-round{--divider-pattern-repeat:round}.rtl .elementor-widget-divider .elementor-divider__text{direction:rtl}.e-con-inner>.elementor-widget-divider,.e-con>.elementor-widget-divider{width:var(--container-widget-width,100%);--flex-grow:var(--container-widget-flex-grow)}<\/style>\t\t<div class=\"elementor-divider\">\n\t\t\t<span class=\"elementor-divider-separator\">\n\t\t\t\t\t\t<\/span>\n\t\t<\/div>\n\t\t\t\t<\/div>\n\t\t\t\t<\/div>\n\t\t\t\t<div class=\"elementor-element elementor-element-37bec47 elementor-widget elementor-widget-text-editor\" data-id=\"37bec47\" data-element_type=\"widget\" data-widget_type=\"text-editor.default\">\n\t\t\t\t<div class=\"elementor-widget-container\">\n\t\t\t<style>\/*! elementor - v3.21.0 - 26-05-2024 *\/\n.elementor-widget-text-editor.elementor-drop-cap-view-stacked .elementor-drop-cap{background-color:#69727d;color:#fff}.elementor-widget-text-editor.elementor-drop-cap-view-framed .elementor-drop-cap{color:#69727d;border:3px solid;background-color:transparent}.elementor-widget-text-editor:not(.elementor-drop-cap-view-default) .elementor-drop-cap{margin-top:8px}.elementor-widget-text-editor:not(.elementor-drop-cap-view-default) .elementor-drop-cap-letter{width:1em;height:1em}.elementor-widget-text-editor .elementor-drop-cap{float:left;text-align:center;line-height:1;font-size:50px}.elementor-widget-text-editor .elementor-drop-cap-letter{display:inline-block}<\/style>\t\t\t\t<p>Witamy na blogu Sinter Design, miejscu, gdzie dzielimy si\u0119 nasz\u0105 pasj\u0105 do kamienia, innowacyjnych technologii i niepowtarzalnych realizacji. Od prawie trzech dekad \u0142\u0105czymy rzemie\u015blnicze umiej\u0119tno\u015bci z futurystycznymi wizjami, tworz\u0105c projekty, kt\u00f3re zachwycaj\u0105 swoj\u0105 estetyk\u0105 i funkcjonalno\u015bci\u0105.<\/p>\t\t\t\t\t\t<\/div>\n\t\t\t\t<\/div>\n\t\t\t\t<\/div>\n\t\t\t\t\t<\/div>\n\t\t\t\t<\/div>\n\t\t<div class=\"elementor-element elementor-element-f321fa2 e-flex e-con-boxed elementor-invisible e-con e-parent\" data-id=\"f321fa2\" data-element_type=\"container\" data-settings=\"{&quot;background_background&quot;:&quot;classic&quot;,&quot;animation&quot;:&quot;fadeIn&quot;}\">\n\t\t\t\t\t<div class=\"e-con-inner\">\n\t\t<div class=\"elementor-element elementor-element-c96b05d e-con-full e-flex e-con e-child\" data-id=\"c96b05d\" data-element_type=\"container\" data-settings=\"{&quot;background_background&quot;:&quot;classic&quot;}\">\n\t\t\t\t<div class=\"elementor-element elementor-element-719623f elementor-widget elementor-widget-ucaddon_post_grid\" data-id=\"719623f\" data-element_type=\"widget\" data-widget_type=\"ucaddon_post_grid.default\">\n\t\t\t\t<div class=\"elementor-widget-container\">\n\t\t\t\n<!-- start Post Grid -->\n\t\t<link id='font-awesome-css' href='https:\/\/sinter-design.com\/wp-content\/plugins\/unlimited-elements-for-elementor-premium\/assets_libraries\/font-awesome6\/fontawesome-all.min.css' type='text\/css' rel='stylesheet' >\n\t\t<link id='font-awesome-4-shim-css' href='https:\/\/sinter-design.com\/wp-content\/plugins\/unlimited-elements-for-elementor-premium\/assets_libraries\/font-awesome6\/fontawesome-v4-shims.min.css' type='text\/css' rel='stylesheet' >\n\n<style>\/* widget: Post Grid *\/\n\n\n\n#uc_post_grid_elementor_719623f.uc_post_grid_style_one .uc_post_grid_style_one_wrap {\n   display:grid;\n}\n\n\n#uc_post_grid_elementor_719623f .uc_post_grid_style_one_item\n{\n  position:relative;\n}\n\n#uc_post_grid_elementor_719623f .uc_post_image\n{\n  transition:0.3s;\n  position:relative;\n  overflow:hidden;\n}\n\n#uc_post_grid_elementor_719623f .uc_post_image img\n{\n  width:100%;\n  display:block;\n  transition:0.3s;\n}\n\n\n\t\n\n\n\n\n\n\n#uc_post_grid_elementor_719623f .uc_post_image_overlay\n{\n  position:absolute;\n  top:0px;\n  left:0px;\n  height:100%;\n  width:100%;\n  transition:0.3s;\n}\n\n#uc_post_grid_elementor_719623f .uc_more_btn-custom-field\n{\n  display:inline-block;\n  text-align:center;\n  text-decoration:none;\n  transition:0.3s;\n}\n\n#uc_post_grid_elementor_719623f .uc_more_btn\n{\n  display:inline-block;\n  text-align:center;\n  text-decoration:none;\n  transition:0.3s;\n}\n\n.ue-grid-item-category a\n{\n  display:inline-block;\n  font-size:10px;\n  position: relative;\n  z-index: 1;\n}\n.uc_post_title\n{\n  font-size:21px;\n}\n\n\n\n#uc_post_grid_elementor_719623f .ue_post_grid_item\n{\n  display:flex;\n  flex-direction:column;\n}\n\n#uc_post_grid_elementor_719623f.uc_post_grid_style_one .uc_content{\n flex-grow:1;\n}\n\n#uc_post_grid_elementor_719623f.uc_post_grid_style_one .uc_content > div\n{\n  height:100%;\n  display:flex;\n  flex-direction:column;\n  justify-content: space-between;}\n\n    #uc_post_grid_elementor_719623f .uc_post_button\n   {\n     margin-top:auto;\n   }\n  \n\n\n\n\n\n\n\n\n\n\n\n\n\n\n\n\n\n\n\n\n\n\n#uc_post_grid_elementor_719623f .ue-meta-data\n{\n  \n  display:flex;\n\n  flex-wrap: wrap;\n  line-height:1em;\n}\n\n#uc_post_grid_elementor_719623f .ue-grid-item-meta-data\n{\n      display:inline-flex;\n      align-items:center;\n}\n\n#uc_post_grid_elementor_719623f .ue-grid-item-meta-data a{\n  color:inherit;\n}\n\n.ue-grid-item-meta-data\n{\n  font-size:12px;\n}\n\n#uc_post_grid_elementor_719623f .ue-grid-item-meta-data-icon\n{\n  line-height:1em;\n}\n\n#uc_post_grid_elementor_719623f .ue-grid-item-meta-data-icon svg\n{\n  width:1em;\n  height:1em;\n}\n\n#uc_post_grid_elementor_719623f .ue-debug-meta\n{\n  padding:10px;\n  border:1px solid red;\n  position:relative;\n  line-height:1.5em;\n  font-size:11px;\n  width:100%;\n}\n\n#uc_post_grid_elementor_719623f .uc_btn_inner\n{\n  display:inline-flex;\n  align-items:center;\n}\n\n#uc_post_grid_elementor_719623f .uc_btn_inner svg\n{\n  width:1em;\n  height:1em;\n}\n\n\n\n\n\n<\/style>\n\n<div class=\"uc_post_grid_style_one uc-filterable-grid\" id=\"uc_post_grid_elementor_719623f\"  data-ajax='true'  data-filterbehave='ajax'  querydata='{&quot;count_posts&quot;:1,&quot;total_posts&quot;:1,&quot;page&quot;:1,&quot;num_pages&quot;:1}' >\n\t\t<div class=\"uc_post_grid_style_one_wrap ue_post_grid uc-items-wrapper\">\n\t\t\t\n\n\n\n<div id=\"uc_post_grid_elementor_719623f_item1\" class=\"uc_post_grid_style_one_item ue_post_grid_item ue-item\">\n  \n      <a class=\"uc_post_grid_style_one_image\" href='https:\/\/sinter-design.com\/en\/eternal-flame\/' target=\"_self\">\n     <div class=\"uc_post_image\">\n       <img fetchpriority=\"high\" decoding=\"async\" src=\"https:\/\/sinter-design.com\/wp-content\/uploads\/2024\/05\/sinter-1-768x768.png\"  alt=\"sinter (1)\" width=\"768\" height=\"768\">\n       <div class=\"uc_post_image_overlay\"><\/div>\n     <\/div>\n    <\/a>\n   \n  <div class=\"uc_content\">\n    <div class=\"uc_content_inner\">\n      <div class=\"uc_content-info-wrapper\" >\n        \n       \n              \n\n            \t\t      \t\t\t<div class=\"uc_post_title\"><a class=\"\" href='https:\/\/sinter-design.com\/en\/eternal-flame\/' target=\"_self\"><div class=\"ue_p_title\">Eternal Flame<\/div><\/a><\/div>\n      \t\t      \t\n                      \n       \n        <div class=\"ue-meta-data\">\n            \n                \n                \n        \n\t\n                \n                \n                \n                \n    \t\t\t\n      \n            \n  <\/div>\t\n           \n                 \n                            \n                                  \n     <\/div>                      \n           <div class=\"uc_post_button\">\n        \n        <a class=\"uc_more_btn\" target=\"_self\" href='https:\/\/sinter-design.com\/en\/eternal-flame\/'>\n          <div class=\"uc_btn_inner\">\n            <div class=\"uc_btn_txt\">Read more<\/div>\n                      <\/div>\n      \t<\/a>\n        \n                \n      <\/div>                           \n \t<\/div>  <\/div>      \n        \n<\/div>\n\n\t\t<\/div>\n\t<\/div>\n\n\n\n  <div id=\"uc_post_grid_elementor_719623f_empty_message\" class=\"ue-no-posts-found\"  style=\"display:none\" >Brak realizacji<\/div>\n\n\n<!-- end Post Grid -->\t\t<\/div>\n\t\t\t\t<\/div>\n\t\t\t\t<\/div>\n\t\t\t\t\t<\/div>\n\t\t\t\t<\/div>\n\t\t\t\t<\/div>","protected":false},"excerpt":{"rendered":"<p>Aktualno\u015bci Witamy na blogu Sinter Design, miejscu, gdzie dzielimy si\u0119 nasz\u0105 pasj\u0105 do kamienia, innowacyjnych technologii i niepowtarzalnych realizacji. Od prawie trzech dekad \u0142\u0105czymy rzemie\u015blnicze umiej\u0119tno\u015bci z futurystycznymi wizjami, tworz\u0105c projekty, kt\u00f3re zachwycaj\u0105 swoj\u0105 estetyk\u0105 i funkcjonalno\u015bci\u0105. Tekst Przeczytaj wi\u0119cej Tekst Przeczytaj wi\u0119cej Tekst Przeczytaj wi\u0119cej Brak realizacji<\/p>","protected":false},"author":1,"featured_media":0,"parent":0,"menu_order":0,"comment_status":"closed","ping_status":"closed","template":"","meta":{"footnotes":""},"yoast_head":"<!-- This site is optimized with the Yoast SEO plugin v22.8 - https:\/\/yoast.com\/wordpress\/plugins\/seo\/ -->\n<title>Blog - Sinter Design<\/title>\n<meta name=\"robots\" content=\"index, follow, max-snippet:-1, max-image-preview:large, max-video-preview:-1\" \/>\n<link rel=\"canonical\" href=\"https:\/\/sinter-design.com\/en\/blog\/\" \/>\n<meta property=\"og:locale\" content=\"en_US\" \/>\n<meta property=\"og:type\" content=\"article\" \/>\n<meta property=\"og:title\" content=\"Blog - Sinter Design\" \/>\n<meta property=\"og:description\" content=\"Aktualno\u015bci Witamy na blogu Sinter Design, miejscu, gdzie dzielimy si\u0119 nasz\u0105 pasj\u0105 do kamienia, innowacyjnych technologii i niepowtarzalnych realizacji. Od prawie trzech dekad \u0142\u0105czymy rzemie\u015blnicze umiej\u0119tno\u015bci z futurystycznymi wizjami, tworz\u0105c projekty, kt\u00f3re zachwycaj\u0105 swoj\u0105 estetyk\u0105 i funkcjonalno\u015bci\u0105. Tekst Przeczytaj wi\u0119cej Tekst Przeczytaj wi\u0119cej Tekst Przeczytaj wi\u0119cej Brak realizacji\" \/>\n<meta property=\"og:url\" content=\"https:\/\/sinter-design.com\/en\/blog\/\" \/>\n<meta property=\"og:site_name\" content=\"Sinter Design\" \/>\n<meta property=\"article:modified_time\" content=\"2024-06-05T05:53:08+00:00\" \/>\n<meta property=\"og:image\" content=\"https:\/\/sinter-design.com\/wp-content\/uploads\/2024\/05\/sinter-1-768x768.png\" \/>\n<script type=\"application\/ld+json\" class=\"yoast-schema-graph\">{\"@context\":\"https:\/\/schema.org\",\"@graph\":[{\"@type\":\"WebPage\",\"@id\":\"https:\/\/sinter-design.com\/blog\/\",\"url\":\"https:\/\/sinter-design.com\/blog\/\",\"name\":\"Blog - Sinter Design\",\"isPartOf\":{\"@id\":\"https:\/\/sinter-design.com\/#website\"},\"primaryImageOfPage\":{\"@id\":\"https:\/\/sinter-design.com\/blog\/#primaryimage\"},\"image\":{\"@id\":\"https:\/\/sinter-design.com\/blog\/#primaryimage\"},\"thumbnailUrl\":\"https:\/\/sinter-design.com\/wp-content\/uploads\/2024\/05\/sinter-1-768x768.png\",\"datePublished\":\"2024-05-29T09:34:47+00:00\",\"dateModified\":\"2024-06-05T05:53:08+00:00\",\"breadcrumb\":{\"@id\":\"https:\/\/sinter-design.com\/blog\/#breadcrumb\"},\"inLanguage\":\"en-US\",\"potentialAction\":[{\"@type\":\"ReadAction\",\"target\":[\"https:\/\/sinter-design.com\/blog\/\"]}]},{\"@type\":\"ImageObject\",\"inLanguage\":\"en-US\",\"@id\":\"https:\/\/sinter-design.com\/blog\/#primaryimage\",\"url\":\"https:\/\/sinter-design.com\/wp-content\/uploads\/2024\/05\/sinter-1-768x768.png\",\"contentUrl\":\"https:\/\/sinter-design.com\/wp-content\/uploads\/2024\/05\/sinter-1-768x768.png\"},{\"@type\":\"BreadcrumbList\",\"@id\":\"https:\/\/sinter-design.com\/blog\/#breadcrumb\",\"itemListElement\":[{\"@type\":\"ListItem\",\"position\":1,\"name\":\"Strona g\u0142\u00f3wna\",\"item\":\"https:\/\/sinter-design.com\/\"},{\"@type\":\"ListItem\",\"position\":2,\"name\":\"Blog\"}]},{\"@type\":\"WebSite\",\"@id\":\"https:\/\/sinter-design.com\/#website\",\"url\":\"https:\/\/sinter-design.com\/\",\"name\":\"Sinter Design\",\"description\":\"Blaty kuchenne, P\u0142yty \u015bcienne, Elementy dekoracyjne\",\"potentialAction\":[{\"@type\":\"SearchAction\",\"target\":{\"@type\":\"EntryPoint\",\"urlTemplate\":\"https:\/\/sinter-design.com\/?s={search_term_string}\"},\"query-input\":\"required name=search_term_string\"}],\"inLanguage\":\"en-US\"}]}<\/script>\n<!-- \/ Yoast SEO plugin. -->","yoast_head_json":{"title":"Blog - Sinter Design","robots":{"index":"index","follow":"follow","max-snippet":"max-snippet:-1","max-image-preview":"max-image-preview:large","max-video-preview":"max-video-preview:-1"},"canonical":"https:\/\/sinter-design.com\/en\/blog\/","og_locale":"en_US","og_type":"article","og_title":"Blog - Sinter Design","og_description":"Aktualno\u015bci Witamy na blogu Sinter Design, miejscu, gdzie dzielimy si\u0119 nasz\u0105 pasj\u0105 do kamienia, innowacyjnych technologii i niepowtarzalnych realizacji. Od prawie trzech dekad \u0142\u0105czymy rzemie\u015blnicze umiej\u0119tno\u015bci z futurystycznymi wizjami, tworz\u0105c projekty, kt\u00f3re zachwycaj\u0105 swoj\u0105 estetyk\u0105 i funkcjonalno\u015bci\u0105. Tekst Przeczytaj wi\u0119cej Tekst Przeczytaj wi\u0119cej Tekst Przeczytaj wi\u0119cej Brak realizacji","og_url":"https:\/\/sinter-design.com\/en\/blog\/","og_site_name":"Sinter Design","article_modified_time":"2024-06-05T05:53:08+00:00","og_image":[{"url":"https:\/\/sinter-design.com\/wp-content\/uploads\/2024\/05\/sinter-1-768x768.png"}],"schema":{"@context":"https:\/\/schema.org","@graph":[{"@type":"WebPage","@id":"https:\/\/sinter-design.com\/blog\/","url":"https:\/\/sinter-design.com\/blog\/","name":"Blog - Sinter Design","isPartOf":{"@id":"https:\/\/sinter-design.com\/#website"},"primaryImageOfPage":{"@id":"https:\/\/sinter-design.com\/blog\/#primaryimage"},"image":{"@id":"https:\/\/sinter-design.com\/blog\/#primaryimage"},"thumbnailUrl":"https:\/\/sinter-design.com\/wp-content\/uploads\/2024\/05\/sinter-1-768x768.png","datePublished":"2024-05-29T09:34:47+00:00","dateModified":"2024-06-05T05:53:08+00:00","breadcrumb":{"@id":"https:\/\/sinter-design.com\/blog\/#breadcrumb"},"inLanguage":"en-US","potentialAction":[{"@type":"ReadAction","target":["https:\/\/sinter-design.com\/blog\/"]}]},{"@type":"ImageObject","inLanguage":"en-US","@id":"https:\/\/sinter-design.com\/blog\/#primaryimage","url":"https:\/\/sinter-design.com\/wp-content\/uploads\/2024\/05\/sinter-1-768x768.png","contentUrl":"https:\/\/sinter-design.com\/wp-content\/uploads\/2024\/05\/sinter-1-768x768.png"},{"@type":"BreadcrumbList","@id":"https:\/\/sinter-design.com\/blog\/#breadcrumb","itemListElement":[{"@type":"ListItem","position":1,"name":"Strona g\u0142\u00f3wna","item":"https:\/\/sinter-design.com\/"},{"@type":"ListItem","position":2,"name":"Blog"}]},{"@type":"WebSite","@id":"https:\/\/sinter-design.com\/#website","url":"https:\/\/sinter-design.com\/","name":"Sinter Design","description":"Blaty kuchenne, P\u0142yty \u015bcienne, Elementy dekoracyjne","potentialAction":[{"@type":"SearchAction","target":{"@type":"EntryPoint","urlTemplate":"https:\/\/sinter-design.com\/?s={search_term_string}"},"query-input":"required name=search_term_string"}],"inLanguage":"en-US"}]}},"_links":{"self":[{"href":"https:\/\/sinter-design.com\/en\/wp-json\/wp\/v2\/pages\/1229"}],"collection":[{"href":"https:\/\/sinter-design.com\/en\/wp-json\/wp\/v2\/pages"}],"about":[{"href":"https:\/\/sinter-design.com\/en\/wp-json\/wp\/v2\/types\/page"}],"author":[{"embeddable":true,"href":"https:\/\/sinter-design.com\/en\/wp-json\/wp\/v2\/users\/1"}],"replies":[{"embeddable":true,"href":"https:\/\/sinter-design.com\/en\/wp-json\/wp\/v2\/comments?post=1229"}],"version-history":[{"count":10,"href":"https:\/\/sinter-design.com\/en\/wp-json\/wp\/v2\/pages\/1229\/revisions"}],"predecessor-version":[{"id":1500,"href":"https:\/\/sinter-design.com\/en\/wp-json\/wp\/v2\/pages\/1229\/revisions\/1500"}],"wp:attachment":[{"href":"https:\/\/sinter-design.com\/en\/wp-json\/wp\/v2\/media?parent=1229"}],"curies":[{"name":"wp","href":"https:\/\/api.w.org\/{rel}","templated":true}]}}