{"id":1884,"date":"2024-06-09T00:58:05","date_gmt":"2024-06-08T22:58:05","guid":{"rendered":"https:\/\/sinter-design.com\/?post_type=product&#038;p=1884"},"modified":"2024-06-09T00:59:21","modified_gmt":"2024-06-08T22:59:21","slug":"gold-crystal-agate","status":"publish","type":"product","link":"https:\/\/sinter-design.com\/en\/product\/gold-crystal-agate\/","title":{"rendered":"Gold Crystal Agate"},"content":{"rendered":"","protected":false},"excerpt":{"rendered":"<p>Agate is a stone that comes in many different color variations, such as blue, pink, purple, green, and brown. Its beautiful patterns and intense colors make furniture with agate incredibly attractive and exclusive. Adding agate to furniture gives them a unique character and elegance, making them a true decoration for the room.<\/p>","protected":false},"featured_media":1580,"comment_status":"open","ping_status":"closed","template":"","meta":[],"product_cat":[45,38],"product_tag":[],"yoast_head":"<!-- This site is optimized with the Yoast SEO plugin v22.8 - https:\/\/yoast.com\/wordpress\/plugins\/seo\/ -->\n<title>Gold Crystal Agate - Sinter Design<\/title>\n<meta name=\"robots\" content=\"index, follow, max-snippet:-1, max-image-preview:large, max-video-preview:-1\" \/>\n<link rel=\"canonical\" href=\"https:\/\/sinter-design.com\/en\/product\/gold-crystal-agate\/\" \/>\n<meta property=\"og:locale\" content=\"en_US\" \/>\n<meta property=\"og:type\" content=\"article\" \/>\n<meta property=\"og:title\" content=\"Gold Crystal Agate - Sinter Design\" \/>\n<meta property=\"og:description\" content=\"Agat to kamie\u0144, kt\u00f3ry wyst\u0119puje w wielu r\u00f3\u017cnych odmianach barwnych, takich jak niebieski, r\u00f3\u017cowy, fioletowy, zielony i br\u0105zowy. Jego pi\u0119kne wzory i intensywne kolory sprawiaj\u0105, \u017ce meble z agatu s\u0105 niezwykle atrakcyjne i ekskluzywne. Dodanie agatu do mebli nadaje im unikalny charakter i elegancj\u0119, co sprawia, \u017ce staj\u0105 si\u0119 prawdziw\u0105 ozdob\u0105 pomieszczenia.\" \/>\n<meta property=\"og:url\" content=\"https:\/\/sinter-design.com\/en\/product\/gold-crystal-agate\/\" \/>\n<meta property=\"og:site_name\" content=\"Sinter Design\" \/>\n<meta property=\"article:modified_time\" content=\"2024-06-08T22:59:21+00:00\" \/>\n<meta property=\"og:image\" content=\"https:\/\/sinter-design.com\/wp-content\/uploads\/2024\/06\/sinter-1.jpeg\" \/>\n\t<meta property=\"og:image:width\" content=\"1600\" \/>\n\t<meta property=\"og:image:height\" content=\"1066\" \/>\n\t<meta property=\"og:image:type\" content=\"image\/jpeg\" \/>\n<script type=\"application\/ld+json\" class=\"yoast-schema-graph\">{\"@context\":\"https:\/\/schema.org\",\"@graph\":[{\"@type\":\"WebPage\",\"@id\":\"https:\/\/sinter-design.com\/produkt\/gold-crystal-agate\/\",\"url\":\"https:\/\/sinter-design.com\/produkt\/gold-crystal-agate\/\",\"name\":\"Gold Crystal Agate - Sinter Design\",\"isPartOf\":{\"@id\":\"https:\/\/sinter-design.com\/#website\"},\"primaryImageOfPage\":{\"@id\":\"https:\/\/sinter-design.com\/produkt\/gold-crystal-agate\/#primaryimage\"},\"image\":{\"@id\":\"https:\/\/sinter-design.com\/produkt\/gold-crystal-agate\/#primaryimage\"},\"thumbnailUrl\":\"https:\/\/sinter-design.com\/wp-content\/uploads\/2024\/06\/sinter-1.jpeg\",\"datePublished\":\"2024-06-08T22:58:05+00:00\",\"dateModified\":\"2024-06-08T22:59:21+00:00\",\"breadcrumb\":{\"@id\":\"https:\/\/sinter-design.com\/produkt\/gold-crystal-agate\/#breadcrumb\"},\"inLanguage\":\"en-US\",\"potentialAction\":[{\"@type\":\"ReadAction\",\"target\":[\"https:\/\/sinter-design.com\/produkt\/gold-crystal-agate\/\"]}]},{\"@type\":\"ImageObject\",\"inLanguage\":\"en-US\",\"@id\":\"https:\/\/sinter-design.com\/produkt\/gold-crystal-agate\/#primaryimage\",\"url\":\"https:\/\/sinter-design.com\/wp-content\/uploads\/2024\/06\/sinter-1.jpeg\",\"contentUrl\":\"https:\/\/sinter-design.com\/wp-content\/uploads\/2024\/06\/sinter-1.jpeg\",\"width\":1600,\"height\":1066},{\"@type\":\"BreadcrumbList\",\"@id\":\"https:\/\/sinter-design.com\/produkt\/gold-crystal-agate\/#breadcrumb\",\"itemListElement\":[{\"@type\":\"ListItem\",\"position\":1,\"name\":\"Strona g\u0142\u00f3wna\",\"item\":\"https:\/\/sinter-design.com\/\"},{\"@type\":\"ListItem\",\"position\":2,\"name\":\"Produkty\",\"item\":\"https:\/\/sinter-design.com\/produkty\/\"},{\"@type\":\"ListItem\",\"position\":3,\"name\":\"Gold Crystal Agate\"}]},{\"@type\":\"WebSite\",\"@id\":\"https:\/\/sinter-design.com\/#website\",\"url\":\"https:\/\/sinter-design.com\/\",\"name\":\"Sinter Design\",\"description\":\"Blaty kuchenne, P\u0142yty \u015bcienne, Elementy dekoracyjne\",\"potentialAction\":[{\"@type\":\"SearchAction\",\"target\":{\"@type\":\"EntryPoint\",\"urlTemplate\":\"https:\/\/sinter-design.com\/?s={search_term_string}\"},\"query-input\":\"required name=search_term_string\"}],\"inLanguage\":\"en-US\"}]}<\/script>\n<!-- \/ Yoast SEO plugin. -->","yoast_head_json":{"title":"Gold Crystal Agate - Sinter Design","robots":{"index":"index","follow":"follow","max-snippet":"max-snippet:-1","max-image-preview":"max-image-preview:large","max-video-preview":"max-video-preview:-1"},"canonical":"https:\/\/sinter-design.com\/en\/product\/gold-crystal-agate\/","og_locale":"en_US","og_type":"article","og_title":"Gold Crystal Agate - Sinter Design","og_description":"Agat to kamie\u0144, kt\u00f3ry wyst\u0119puje w wielu r\u00f3\u017cnych odmianach barwnych, takich jak niebieski, r\u00f3\u017cowy, fioletowy, zielony i br\u0105zowy. Jego pi\u0119kne wzory i intensywne kolory sprawiaj\u0105, \u017ce meble z agatu s\u0105 niezwykle atrakcyjne i ekskluzywne. Dodanie agatu do mebli nadaje im unikalny charakter i elegancj\u0119, co sprawia, \u017ce staj\u0105 si\u0119 prawdziw\u0105 ozdob\u0105 pomieszczenia.","og_url":"https:\/\/sinter-design.com\/en\/product\/gold-crystal-agate\/","og_site_name":"Sinter Design","article_modified_time":"2024-06-08T22:59:21+00:00","og_image":[{"width":1600,"height":1066,"url":"https:\/\/sinter-design.com\/wp-content\/uploads\/2024\/06\/sinter-1.jpeg","type":"image\/jpeg"}],"schema":{"@context":"https:\/\/schema.org","@graph":[{"@type":"WebPage","@id":"https:\/\/sinter-design.com\/produkt\/gold-crystal-agate\/","url":"https:\/\/sinter-design.com\/produkt\/gold-crystal-agate\/","name":"Gold Crystal Agate - Sinter Design","isPartOf":{"@id":"https:\/\/sinter-design.com\/#website"},"primaryImageOfPage":{"@id":"https:\/\/sinter-design.com\/produkt\/gold-crystal-agate\/#primaryimage"},"image":{"@id":"https:\/\/sinter-design.com\/produkt\/gold-crystal-agate\/#primaryimage"},"thumbnailUrl":"https:\/\/sinter-design.com\/wp-content\/uploads\/2024\/06\/sinter-1.jpeg","datePublished":"2024-06-08T22:58:05+00:00","dateModified":"2024-06-08T22:59:21+00:00","breadcrumb":{"@id":"https:\/\/sinter-design.com\/produkt\/gold-crystal-agate\/#breadcrumb"},"inLanguage":"en-US","potentialAction":[{"@type":"ReadAction","target":["https:\/\/sinter-design.com\/produkt\/gold-crystal-agate\/"]}]},{"@type":"ImageObject","inLanguage":"en-US","@id":"https:\/\/sinter-design.com\/produkt\/gold-crystal-agate\/#primaryimage","url":"https:\/\/sinter-design.com\/wp-content\/uploads\/2024\/06\/sinter-1.jpeg","contentUrl":"https:\/\/sinter-design.com\/wp-content\/uploads\/2024\/06\/sinter-1.jpeg","width":1600,"height":1066},{"@type":"BreadcrumbList","@id":"https:\/\/sinter-design.com\/produkt\/gold-crystal-agate\/#breadcrumb","itemListElement":[{"@type":"ListItem","position":1,"name":"Strona g\u0142\u00f3wna","item":"https:\/\/sinter-design.com\/"},{"@type":"ListItem","position":2,"name":"Produkty","item":"https:\/\/sinter-design.com\/produkty\/"},{"@type":"ListItem","position":3,"name":"Gold Crystal Agate"}]},{"@type":"WebSite","@id":"https:\/\/sinter-design.com\/#website","url":"https:\/\/sinter-design.com\/","name":"Sinter Design","description":"Blaty kuchenne, P\u0142yty \u015bcienne, Elementy dekoracyjne","potentialAction":[{"@type":"SearchAction","target":{"@type":"EntryPoint","urlTemplate":"https:\/\/sinter-design.com\/?s={search_term_string}"},"query-input":"required name=search_term_string"}],"inLanguage":"en-US"}]}},"_links":{"self":[{"href":"https:\/\/sinter-design.com\/en\/wp-json\/wp\/v2\/product\/1884"}],"collection":[{"href":"https:\/\/sinter-design.com\/en\/wp-json\/wp\/v2\/product"}],"about":[{"href":"https:\/\/sinter-design.com\/en\/wp-json\/wp\/v2\/types\/product"}],"replies":[{"embeddable":true,"href":"https:\/\/sinter-design.com\/en\/wp-json\/wp\/v2\/comments?post=1884"}],"wp:featuredmedia":[{"embeddable":true,"href":"https:\/\/sinter-design.com\/en\/wp-json\/wp\/v2\/media\/1580"}],"wp:attachment":[{"href":"https:\/\/sinter-design.com\/en\/wp-json\/wp\/v2\/media?parent=1884"}],"wp:term":[{"taxonomy":"product_cat","embeddable":true,"href":"https:\/\/sinter-design.com\/en\/wp-json\/wp\/v2\/product_cat?post=1884"},{"taxonomy":"product_tag","embeddable":true,"href":"https:\/\/sinter-design.com\/en\/wp-json\/wp\/v2\/product_tag?post=1884"}],"curies":[{"name":"wp","href":"https:\/\/api.w.org\/{rel}","templated":true}]}}